{"id":226,"date":"2024-02-28T13:03:43","date_gmt":"2024-02-28T13:03:43","guid":{"rendered":"https:\/\/tsarabeach-nosybe.com\/?page_id=226"},"modified":"2026-01-20T04:50:30","modified_gmt":"2026-01-20T04:50:30","slug":"our-story","status":"publish","type":"page","link":"http:\/\/tsarabeach-nosybe.com\/fr\/our-story\/","title":{"rendered":"Notre histoire"},"content":{"rendered":"<div data-elementor-type=\"wp-page\" data-elementor-id=\"226\" class=\"elementor elementor-226\" data-elementor-post-type=\"page\">\n\t\t\t\t\t\t<section class=\"elementor-section elementor-top-section elementor-element elementor-element-1345f41 elementor-section-full_width elementor-section-height-default elementor-section-height-default\" data-id=\"1345f41\" data-element_type=\"section\" data-settings=\"{&quot;background_background&quot;:&quot;classic&quot;}\">\n\t\t\t\t\t\t<div class=\"elementor-container elementor-column-gap-default\">\n\t\t\t\t\t<div class=\"elementor-column elementor-col-100 elementor-top-column elementor-element elementor-element-c9aaae3\" data-id=\"c9aaae3\" data-element_type=\"column\">\n\t\t\t<div class=\"elementor-widget-wrap elementor-element-populated\">\n\t\t\t\t\t\t<div class=\"elementor-element elementor-element-b5b9acd elementor-widget elementor-widget-spacer\" data-id=\"b5b9acd\" data-element_type=\"widget\" data-widget_type=\"spacer.default\">\n\t\t\t\t<div class=\"elementor-widget-container\">\n\t\t\t\t\t<div class=\"elementor-spacer\">\n\t\t\t<div class=\"elementor-spacer-inner\"><\/div>\n\t\t<\/div>\n\t\t\t\t<\/div>\n\t\t\t\t<\/div>\n\t\t\t\t\t<\/div>\n\t\t<\/div>\n\t\t\t\t\t<\/div>\n\t\t<\/section>\n\t\t\t\t<section class=\"elementor-section elementor-top-section elementor-element elementor-element-dc2c272 elementor-section-full_width elementor-section-height-min-height elementor-section-height-default elementor-section-items-middle\" data-id=\"dc2c272\" data-element_type=\"section\" data-settings=\"{&quot;background_background&quot;:&quot;classic&quot;}\">\n\t\t\t\t\t\t\t<div class=\"elementor-background-overlay\"><\/div>\n\t\t\t\t\t\t\t<div class=\"elementor-container elementor-column-gap-default\">\n\t\t\t\t\t<div class=\"elementor-column elementor-col-50 elementor-top-column elementor-element elementor-element-1b709e0\" data-id=\"1b709e0\" data-element_type=\"column\" data-settings=\"{&quot;background_background&quot;:&quot;classic&quot;}\">\n\t\t\t<div class=\"elementor-widget-wrap elementor-element-populated\">\n\t\t\t\t\t<div class=\"elementor-background-overlay\"><\/div>\n\t\t\t\t\t\t<div class=\"elementor-element elementor-element-a26a504 elementor-widget elementor-widget-heading\" data-id=\"a26a504\" data-element_type=\"widget\" data-widget_type=\"heading.default\">\n\t\t\t\t<div class=\"elementor-widget-container\">\n\t\t\t<h1 class=\"elementor-heading-title elementor-size-default\">Notre <br>Histoire<\/h1>\t\t<\/div>\n\t\t\t\t<\/div>\n\t\t\t\t<div class=\"elementor-element elementor-element-76d6733 elementor-widget elementor-widget-text-editor\" data-id=\"76d6733\" data-element_type=\"widget\" data-widget_type=\"text-editor.default\">\n\t\t\t\t<div class=\"elementor-widget-container\">\n\t\t\t\t\t\t\t<p>A la recherche de nature, de calme et de s\u00e9r\u00e9nit\u00e9, elles ont trouv\u00e9 ici un petit havre de paix.<\/p>\t\t\t\t\t\t<\/div>\n\t\t\t\t<\/div>\n\t\t\t\t\t<\/div>\n\t\t<\/div>\n\t\t\t\t<div class=\"elementor-column elementor-col-50 elementor-top-column elementor-element elementor-element-71b1c8f\" data-id=\"71b1c8f\" data-element_type=\"column\" data-settings=\"{&quot;background_background&quot;:&quot;slideshow&quot;,&quot;background_slideshow_gallery&quot;:[{&quot;id&quot;:1335,&quot;url&quot;:&quot;http:\\\/\\\/tsarabeach-nosybe.com\\\/wp-content\\\/uploads\\\/2024\\\/05\\\/IMG_5469-scaled.jpeg&quot;},{&quot;id&quot;:1334,&quot;url&quot;:&quot;http:\\\/\\\/tsarabeach-nosybe.com\\\/wp-content\\\/uploads\\\/2024\\\/05\\\/IMG_5050-scaled.jpeg&quot;}],&quot;background_slideshow_ken_burns&quot;:&quot;yes&quot;,&quot;background_slideshow_loop&quot;:&quot;yes&quot;,&quot;background_slideshow_slide_duration&quot;:5000,&quot;background_slideshow_slide_transition&quot;:&quot;fade&quot;,&quot;background_slideshow_transition_duration&quot;:500,&quot;background_slideshow_ken_burns_zoom_direction&quot;:&quot;in&quot;}\">\n\t\t\t<div class=\"elementor-widget-wrap elementor-element-populated\">\n\t\t\t\t\t\t<div class=\"elementor-element elementor-element-1c17345 elementor-widget elementor-widget-spacer\" data-id=\"1c17345\" data-element_type=\"widget\" data-widget_type=\"spacer.default\">\n\t\t\t\t<div class=\"elementor-widget-container\">\n\t\t\t\t\t<div class=\"elementor-spacer\">\n\t\t\t<div class=\"elementor-spacer-inner\"><\/div>\n\t\t<\/div>\n\t\t\t\t<\/div>\n\t\t\t\t<\/div>\n\t\t\t\t<div class=\"elementor-element elementor-element-a81f3c0 elementor-widget elementor-widget-image\" data-id=\"a81f3c0\" data-element_type=\"widget\" data-widget_type=\"image.default\">\n\t\t\t\t<div class=\"elementor-widget-container\">\n\t\t\t\t\t\t\t\t\t\t\t\t\t<img fetchpriority=\"high\" decoding=\"async\" width=\"400\" height=\"400\" src=\"http:\/\/tsarabeach-nosybe.com\/wp-content\/uploads\/2024\/05\/Design-sans-titre-4.svg\" class=\"attachment-full size-full wp-image-1399\" alt=\"\" \/>\t\t\t\t\t\t\t\t\t\t\t\t\t<\/div>\n\t\t\t\t<\/div>\n\t\t\t\t\t<\/div>\n\t\t<\/div>\n\t\t\t\t\t<\/div>\n\t\t<\/section>\n\t\t\t\t<section class=\"elementor-section elementor-top-section elementor-element elementor-element-14011e5 elementor-section-full_width elementor-section-height-default elementor-section-height-default\" data-id=\"14011e5\" data-element_type=\"section\" data-settings=\"{&quot;background_background&quot;:&quot;classic&quot;}\">\n\t\t\t\t\t\t<div class=\"elementor-container elementor-column-gap-default\">\n\t\t\t\t\t<div class=\"elementor-column elementor-col-100 elementor-top-column elementor-element elementor-element-51e5883\" data-id=\"51e5883\" data-element_type=\"column\">\n\t\t\t<div class=\"elementor-widget-wrap elementor-element-populated\">\n\t\t\t\t\t\t<div class=\"elementor-element elementor-element-352cee1 animated-slow elementor-invisible elementor-widget elementor-widget-text-editor\" data-id=\"352cee1\" data-element_type=\"widget\" data-settings=\"{&quot;_animation&quot;:&quot;fadeIn&quot;}\" data-widget_type=\"text-editor.default\">\n\t\t\t\t<div class=\"elementor-widget-container\">\n\t\t\t\t\t\t\t<h5>Janvier 2026<br \/>Sandrine &amp; Rado are a French-Malagasy couple who met in Canada. As we could no longer endure the cold and the frantic life typical of the West countries, we decided to embark on a new life together, a come-back home for Rado and another expatriation for myself. In February 2022, we chose to settle down in Nosy Be.<br \/>In October 2025, looking for a 4L car model, we came across Melissa\u2019s ad. When visiting, we fell in love with such a peaceful and charming place and Melissa mentioned her intention to sell her shares of the Tsara Beach.<br \/>We left without the car, but this encounter with Melissa changed our lives as we are now the fortunate managers of this wonderful haven of peace surrounded by nature.<br \/>Sandrine &amp; Rado hope to keep up to with Melissa and Manon\u2019s success.<br \/>To write this new page of the Tsara Beach story, Manon stays with us as our partner.<\/h5>\t\t\t\t\t\t<\/div>\n\t\t\t\t<\/div>\n\t\t\t\t<section class=\"elementor-section elementor-inner-section elementor-element elementor-element-1358ed6 elementor-section-full_width elementor-section-height-default elementor-section-height-default\" data-id=\"1358ed6\" data-element_type=\"section\">\n\t\t\t\t\t\t<div class=\"elementor-container elementor-column-gap-wide\">\n\t\t\t\t\t<div class=\"elementor-column elementor-col-50 elementor-inner-column elementor-element elementor-element-1de8c50\" data-id=\"1de8c50\" data-element_type=\"column\">\n\t\t\t<div class=\"elementor-widget-wrap elementor-element-populated\">\n\t\t\t\t\t\t<div class=\"elementor-element elementor-element-9945057 animated-slow e-transform elementor-invisible elementor-widget elementor-widget-image\" data-id=\"9945057\" data-element_type=\"widget\" data-settings=\"{&quot;_animation&quot;:&quot;fadeIn&quot;,&quot;_transform_translateX_effect_hover&quot;:{&quot;unit&quot;:&quot;px&quot;,&quot;size&quot;:5,&quot;sizes&quot;:[]},&quot;_transform_translateX_effect_hover_tablet&quot;:{&quot;unit&quot;:&quot;px&quot;,&quot;size&quot;:&quot;&quot;,&quot;sizes&quot;:[]},&quot;_transform_translateX_effect_hover_mobile&quot;:{&quot;unit&quot;:&quot;px&quot;,&quot;size&quot;:&quot;&quot;,&quot;sizes&quot;:[]},&quot;_transform_translateY_effect_hover&quot;:{&quot;unit&quot;:&quot;px&quot;,&quot;size&quot;:&quot;&quot;,&quot;sizes&quot;:[]},&quot;_transform_translateY_effect_hover_tablet&quot;:{&quot;unit&quot;:&quot;px&quot;,&quot;size&quot;:&quot;&quot;,&quot;sizes&quot;:[]},&quot;_transform_translateY_effect_hover_mobile&quot;:{&quot;unit&quot;:&quot;px&quot;,&quot;size&quot;:&quot;&quot;,&quot;sizes&quot;:[]}}\" data-widget_type=\"image.default\">\n\t\t\t\t<div class=\"elementor-widget-container\">\n\t\t\t\t\t\t\t\t\t\t\t\t\t<img decoding=\"async\" width=\"1024\" height=\"768\" src=\"http:\/\/tsarabeach-nosybe.com\/wp-content\/uploads\/2024\/05\/IMG_5580-scaled.jpeg\" class=\"attachment-large size-large wp-image-1371\" alt=\"vu d&#039;en haut 3- Tsarabeach Nosybe\" srcset=\"http:\/\/tsarabeach-nosybe.com\/wp-content\/uploads\/2024\/05\/IMG_5580-scaled.jpeg 2560w, http:\/\/tsarabeach-nosybe.com\/wp-content\/uploads\/2024\/05\/IMG_5580-scaled-600x450.jpeg 600w\" sizes=\"(max-width: 1024px) 100vw, 1024px\" \/>\t\t\t\t\t\t\t\t\t\t\t\t\t<\/div>\n\t\t\t\t<\/div>\n\t\t\t\t<div class=\"elementor-element elementor-element-0d1c4f2 animated-slow elementor-invisible elementor-widget elementor-widget-text-editor\" data-id=\"0d1c4f2\" data-element_type=\"widget\" data-settings=\"{&quot;_animation&quot;:&quot;fadeIn&quot;}\" data-widget_type=\"text-editor.default\">\n\t\t\t\t<div class=\"elementor-widget-container\">\n\t\t\t\t\t\t\t<p>Mars 2024<br \/>Apr\u00e8s de nombreuses ann\u00e9es pass\u00e9es sur l\u2019\u00eele voisine de Mayotte, dans le domaine de la communication, du bien-\u00eatre au travail, du bricolage et de la restauration, M\u00e9lissa et Manon ont d\u00e9cid\u00e9 de poser leurs valises \u00e0 Nosy Be. Alors quand \u00ab Ambaro Beach \u00bb se pr\u00e9parait \u00e0 fermer, ce fut l\u2019\u00e9vidence\u2026<\/p>\t\t\t\t\t\t<\/div>\n\t\t\t\t<\/div>\n\t\t\t\t<div class=\"elementor-element elementor-element-468f1f4 animated-slow e-transform elementor-invisible elementor-widget elementor-widget-image\" data-id=\"468f1f4\" data-element_type=\"widget\" data-settings=\"{&quot;_animation&quot;:&quot;fadeIn&quot;,&quot;_transform_translateX_effect_hover&quot;:{&quot;unit&quot;:&quot;px&quot;,&quot;size&quot;:5,&quot;sizes&quot;:[]},&quot;_transform_translateX_effect_hover_tablet&quot;:{&quot;unit&quot;:&quot;px&quot;,&quot;size&quot;:&quot;&quot;,&quot;sizes&quot;:[]},&quot;_transform_translateX_effect_hover_mobile&quot;:{&quot;unit&quot;:&quot;px&quot;,&quot;size&quot;:&quot;&quot;,&quot;sizes&quot;:[]},&quot;_transform_translateY_effect_hover&quot;:{&quot;unit&quot;:&quot;px&quot;,&quot;size&quot;:&quot;&quot;,&quot;sizes&quot;:[]},&quot;_transform_translateY_effect_hover_tablet&quot;:{&quot;unit&quot;:&quot;px&quot;,&quot;size&quot;:&quot;&quot;,&quot;sizes&quot;:[]},&quot;_transform_translateY_effect_hover_mobile&quot;:{&quot;unit&quot;:&quot;px&quot;,&quot;size&quot;:&quot;&quot;,&quot;sizes&quot;:[]}}\" data-widget_type=\"image.default\">\n\t\t\t\t<div class=\"elementor-widget-container\">\n\t\t\t\t\t\t\t\t\t\t\t\t\t<img decoding=\"async\" width=\"1024\" height=\"765\" src=\"http:\/\/tsarabeach-nosybe.com\/wp-content\/uploads\/2024\/05\/Capture-decran-2024-05-24-a-15.26.44-1024x765.png\" class=\"attachment-large size-large wp-image-1390\" alt=\"Arriv\u00e9e Hotel - Tsarabeach - Nosybe\" srcset=\"http:\/\/tsarabeach-nosybe.com\/wp-content\/uploads\/2024\/05\/Capture-decran-2024-05-24-a-15.26.44-1024x765.png 1024w, http:\/\/tsarabeach-nosybe.com\/wp-content\/uploads\/2024\/05\/Capture-decran-2024-05-24-a-15.26.44-600x448.png 600w, http:\/\/tsarabeach-nosybe.com\/wp-content\/uploads\/2024\/05\/Capture-decran-2024-05-24-a-15.26.44-300x224.png 300w, http:\/\/tsarabeach-nosybe.com\/wp-content\/uploads\/2024\/05\/Capture-decran-2024-05-24-a-15.26.44-768x574.png 768w, http:\/\/tsarabeach-nosybe.com\/wp-content\/uploads\/2024\/05\/Capture-decran-2024-05-24-a-15.26.44-107x80.png 107w, http:\/\/tsarabeach-nosybe.com\/wp-content\/uploads\/2024\/05\/Capture-decran-2024-05-24-a-15.26.44-394x294.png 394w, http:\/\/tsarabeach-nosybe.com\/wp-content\/uploads\/2024\/05\/Capture-decran-2024-05-24-a-15.26.44-915x684.png 915w, http:\/\/tsarabeach-nosybe.com\/wp-content\/uploads\/2024\/05\/Capture-decran-2024-05-24-a-15.26.44-1240x927.png 1240w, http:\/\/tsarabeach-nosybe.com\/wp-content\/uploads\/2024\/05\/Capture-decran-2024-05-24-a-15.26.44-59x44.png 59w, http:\/\/tsarabeach-nosybe.com\/wp-content\/uploads\/2024\/05\/Capture-decran-2024-05-24-a-15.26.44.png 1290w\" sizes=\"(max-width: 1024px) 100vw, 1024px\" \/>\t\t\t\t\t\t\t\t\t\t\t\t\t<\/div>\n\t\t\t\t<\/div>\n\t\t\t\t\t<\/div>\n\t\t<\/div>\n\t\t\t\t<div class=\"elementor-column elementor-col-50 elementor-inner-column elementor-element elementor-element-b6c74a2\" data-id=\"b6c74a2\" data-element_type=\"column\">\n\t\t\t<div class=\"elementor-widget-wrap elementor-element-populated\">\n\t\t\t\t\t\t<div class=\"elementor-element elementor-element-2de5470 animated-slow e-transform elementor-invisible elementor-widget elementor-widget-image\" data-id=\"2de5470\" data-element_type=\"widget\" data-settings=\"{&quot;sticky&quot;:&quot;top&quot;,&quot;sticky_parent&quot;:&quot;yes&quot;,&quot;_animation&quot;:&quot;fadeIn&quot;,&quot;_transform_translateX_effect_hover&quot;:{&quot;unit&quot;:&quot;px&quot;,&quot;size&quot;:5,&quot;sizes&quot;:[]},&quot;sticky_on&quot;:[&quot;desktop&quot;,&quot;tablet&quot;,&quot;mobile&quot;],&quot;sticky_offset&quot;:0,&quot;sticky_effects_offset&quot;:0,&quot;_transform_translateX_effect_hover_tablet&quot;:{&quot;unit&quot;:&quot;px&quot;,&quot;size&quot;:&quot;&quot;,&quot;sizes&quot;:[]},&quot;_transform_translateX_effect_hover_mobile&quot;:{&quot;unit&quot;:&quot;px&quot;,&quot;size&quot;:&quot;&quot;,&quot;sizes&quot;:[]},&quot;_transform_translateY_effect_hover&quot;:{&quot;unit&quot;:&quot;px&quot;,&quot;size&quot;:&quot;&quot;,&quot;sizes&quot;:[]},&quot;_transform_translateY_effect_hover_tablet&quot;:{&quot;unit&quot;:&quot;px&quot;,&quot;size&quot;:&quot;&quot;,&quot;sizes&quot;:[]},&quot;_transform_translateY_effect_hover_mobile&quot;:{&quot;unit&quot;:&quot;px&quot;,&quot;size&quot;:&quot;&quot;,&quot;sizes&quot;:[]}}\" data-widget_type=\"image.default\">\n\t\t\t\t<div class=\"elementor-widget-container\">\n\t\t\t\t\t\t\t\t\t\t\t\t\t<img decoding=\"async\" src=\"http:\/\/tsarabeach-nosybe.com\/wp-content\/uploads\/elementor\/thumbs\/Photo-06-10-2023-16-40-19-scaled-qplgwfnzfjpklxrm6gh7usgho1dfr48leqyja1ezpc.jpeg\" title=\"Notre spot \u2013 Tsarabeach\" alt=\"Notre spot - Tsarabeach\" loading=\"lazy\" \/>\t\t\t\t\t\t\t\t\t\t\t\t\t<\/div>\n\t\t\t\t<\/div>\n\t\t\t\t\t<\/div>\n\t\t<\/div>\n\t\t\t\t\t<\/div>\n\t\t<\/section>\n\t\t\t\t\t<\/div>\n\t\t<\/div>\n\t\t\t\t\t<\/div>\n\t\t<\/section>\n\t\t\t\t<\/div>","protected":false},"excerpt":{"rendered":"<p>Our Story In search of nature, calm and serenity, they found a little haven of peace here. Janvier 2026Sandrine &amp; Rado are a French-Malagasy couple who met in Canada. As we could no longer endure the cold and the frantic &hellip; <a href=\"http:\/\/tsarabeach-nosybe.com\/fr\/our-story\/\">Read More<\/a><\/p>","protected":false},"author":1,"featured_media":0,"parent":0,"menu_order":0,"comment_status":"closed","ping_status":"closed","template":"","meta":{"footnotes":""},"class_list":["post-226","page","type-page","status-publish","hentry"],"_links":{"self":[{"href":"http:\/\/tsarabeach-nosybe.com\/fr\/wp-json\/wp\/v2\/pages\/226","targetHints":{"allow":["GET"]}}],"collection":[{"href":"http:\/\/tsarabeach-nosybe.com\/fr\/wp-json\/wp\/v2\/pages"}],"about":[{"href":"http:\/\/tsarabeach-nosybe.com\/fr\/wp-json\/wp\/v2\/types\/page"}],"author":[{"embeddable":true,"href":"http:\/\/tsarabeach-nosybe.com\/fr\/wp-json\/wp\/v2\/users\/1"}],"replies":[{"embeddable":true,"href":"http:\/\/tsarabeach-nosybe.com\/fr\/wp-json\/wp\/v2\/comments?post=226"}],"version-history":[{"count":3,"href":"http:\/\/tsarabeach-nosybe.com\/fr\/wp-json\/wp\/v2\/pages\/226\/revisions"}],"predecessor-version":[{"id":67989,"href":"http:\/\/tsarabeach-nosybe.com\/fr\/wp-json\/wp\/v2\/pages\/226\/revisions\/67989"}],"wp:attachment":[{"href":"http:\/\/tsarabeach-nosybe.com\/fr\/wp-json\/wp\/v2\/media?parent=226"}],"curies":[{"name":"wp","href":"https:\/\/api.w.org\/{rel}","templated":true}]}}