{"id":230,"date":"2024-02-28T13:05:18","date_gmt":"2024-02-28T13:05:18","guid":{"rendered":"https:\/\/tsarabeach-nosybe.com\/?page_id=230"},"modified":"2024-06-12T02:33:53","modified_gmt":"2024-06-12T02:33:53","slug":"our-location","status":"publish","type":"page","link":"https:\/\/tsarabeach-nosybe.com\/fr\/our-location\/","title":{"rendered":"Le lieu"},"content":{"rendered":"<div data-elementor-type=\"wp-page\" data-elementor-id=\"230\" class=\"elementor elementor-230\" data-elementor-post-type=\"page\">\n\t\t\t\t\t\t<section class=\"elementor-section elementor-top-section elementor-element elementor-element-3861cf85 elementor-section-full_width elementor-section-height-default elementor-section-height-default\" data-id=\"3861cf85\" data-element_type=\"section\" data-settings=\"{&quot;background_background&quot;:&quot;classic&quot;}\">\n\t\t\t\t\t\t<div class=\"elementor-container elementor-column-gap-default\">\n\t\t\t\t\t<div class=\"elementor-column elementor-col-100 elementor-top-column elementor-element elementor-element-409df30d\" data-id=\"409df30d\" data-element_type=\"column\">\n\t\t\t<div class=\"elementor-widget-wrap elementor-element-populated\">\n\t\t\t\t\t\t<div class=\"elementor-element elementor-element-26758436 elementor-widget elementor-widget-spacer\" data-id=\"26758436\" data-element_type=\"widget\" data-widget_type=\"spacer.default\">\n\t\t\t\t<div class=\"elementor-widget-container\">\n\t\t\t\t\t<div class=\"elementor-spacer\">\n\t\t\t<div class=\"elementor-spacer-inner\"><\/div>\n\t\t<\/div>\n\t\t\t\t<\/div>\n\t\t\t\t<\/div>\n\t\t\t\t\t<\/div>\n\t\t<\/div>\n\t\t\t\t\t<\/div>\n\t\t<\/section>\n\t\t\t\t<section class=\"elementor-section elementor-top-section elementor-element elementor-element-7b67b4f3 elementor-section-full_width elementor-section-height-min-height elementor-section-height-default elementor-section-items-middle\" data-id=\"7b67b4f3\" data-element_type=\"section\" data-settings=\"{&quot;background_background&quot;:&quot;classic&quot;}\">\n\t\t\t\t\t\t\t<div class=\"elementor-background-overlay\"><\/div>\n\t\t\t\t\t\t\t<div class=\"elementor-container elementor-column-gap-default\">\n\t\t\t\t\t<div class=\"elementor-column elementor-col-50 elementor-top-column elementor-element elementor-element-6c9bf5c4\" data-id=\"6c9bf5c4\" data-element_type=\"column\" data-settings=\"{&quot;background_background&quot;:&quot;classic&quot;}\">\n\t\t\t<div class=\"elementor-widget-wrap elementor-element-populated\">\n\t\t\t\t\t<div class=\"elementor-background-overlay\"><\/div>\n\t\t\t\t\t\t<div class=\"elementor-element elementor-element-77720415 elementor-widget elementor-widget-heading\" data-id=\"77720415\" data-element_type=\"widget\" data-widget_type=\"heading.default\">\n\t\t\t\t<div class=\"elementor-widget-container\">\n\t\t\t<h1 class=\"elementor-heading-title elementor-size-default\">Le <br>Lieu<\/h1>\t\t<\/div>\n\t\t\t\t<\/div>\n\t\t\t\t<div class=\"elementor-element elementor-element-4e7a9003 elementor-widget elementor-widget-text-editor\" data-id=\"4e7a9003\" data-element_type=\"widget\" data-widget_type=\"text-editor.default\">\n\t\t\t\t<div class=\"elementor-widget-container\">\n\t\t\t\t\t\t\t<p>Orangea Ampassy se situe sur la c\u00f4te Nord-Ouest de Nosy Be et notre petit coin de paradis, tout au bout d\u2019une piste de 800m digne d\u2019un gymkhana !<\/p>\t\t\t\t\t\t<\/div>\n\t\t\t\t<\/div>\n\t\t\t\t\t<\/div>\n\t\t<\/div>\n\t\t\t\t<div class=\"elementor-column elementor-col-50 elementor-top-column elementor-element elementor-element-f008ed7\" data-id=\"f008ed7\" data-element_type=\"column\" data-settings=\"{&quot;background_background&quot;:&quot;slideshow&quot;,&quot;background_slideshow_gallery&quot;:[{&quot;id&quot;:1386,&quot;url&quot;:&quot;http:\\\/\\\/tsarabeach-nosybe.com\\\/wp-content\\\/uploads\\\/2024\\\/05\\\/Capture-decran-2024-05-24-a-15.25.54.png&quot;},{&quot;id&quot;:1271,&quot;url&quot;:&quot;http:\\\/\\\/tsarabeach-nosybe.com\\\/wp-content\\\/uploads\\\/2024\\\/05\\\/Vue_du_ciel-scaled.jpg&quot;},{&quot;id&quot;:1389,&quot;url&quot;:&quot;http:\\\/\\\/tsarabeach-nosybe.com\\\/wp-content\\\/uploads\\\/2024\\\/05\\\/Capture-decran-2024-05-24-a-15.26.26.png&quot;},{&quot;id&quot;:2104,&quot;url&quot;:&quot;http:\\\/\\\/tsarabeach-nosybe.com\\\/wp-content\\\/uploads\\\/2024\\\/06\\\/Chemin.jpeg&quot;}],&quot;background_slideshow_ken_burns&quot;:&quot;yes&quot;,&quot;background_slideshow_loop&quot;:&quot;yes&quot;,&quot;background_slideshow_slide_duration&quot;:5000,&quot;background_slideshow_slide_transition&quot;:&quot;fade&quot;,&quot;background_slideshow_transition_duration&quot;:500,&quot;background_slideshow_ken_burns_zoom_direction&quot;:&quot;in&quot;}\">\n\t\t\t<div class=\"elementor-widget-wrap elementor-element-populated\">\n\t\t\t\t\t\t<div class=\"elementor-element elementor-element-2ece2a5e elementor-widget elementor-widget-spacer\" data-id=\"2ece2a5e\" data-element_type=\"widget\" data-widget_type=\"spacer.default\">\n\t\t\t\t<div class=\"elementor-widget-container\">\n\t\t\t\t\t<div class=\"elementor-spacer\">\n\t\t\t<div class=\"elementor-spacer-inner\"><\/div>\n\t\t<\/div>\n\t\t\t\t<\/div>\n\t\t\t\t<\/div>\n\t\t\t\t<div class=\"elementor-element elementor-element-51294747 elementor-widget elementor-widget-image\" data-id=\"51294747\" data-element_type=\"widget\" data-widget_type=\"image.default\">\n\t\t\t\t<div class=\"elementor-widget-container\">\n\t\t\t\t\t\t\t\t\t\t\t\t\t<img fetchpriority=\"high\" decoding=\"async\" width=\"793\" height=\"1122\" src=\"https:\/\/tsarabeach-nosybe.com\/wp-content\/uploads\/2024\/04\/5.svg\" class=\"attachment-full size-full wp-image-1198\" alt=\"picto panneau\" \/>\t\t\t\t\t\t\t\t\t\t\t\t\t<\/div>\n\t\t\t\t<\/div>\n\t\t\t\t\t<\/div>\n\t\t<\/div>\n\t\t\t\t\t<\/div>\n\t\t<\/section>\n\t\t\t\t<section class=\"elementor-section elementor-top-section elementor-element elementor-element-3ad0f3e5 elementor-section-full_width elementor-section-height-default elementor-section-height-default\" data-id=\"3ad0f3e5\" data-element_type=\"section\" data-settings=\"{&quot;background_background&quot;:&quot;classic&quot;}\">\n\t\t\t\t\t\t<div class=\"elementor-container elementor-column-gap-default\">\n\t\t\t\t\t<div class=\"elementor-column elementor-col-100 elementor-top-column elementor-element elementor-element-40a01ed4\" data-id=\"40a01ed4\" data-element_type=\"column\">\n\t\t\t<div class=\"elementor-widget-wrap elementor-element-populated\">\n\t\t\t\t\t\t<div class=\"elementor-element elementor-element-24d92c18 animated-slow elementor-invisible elementor-widget elementor-widget-text-editor\" data-id=\"24d92c18\" data-element_type=\"widget\" data-settings=\"{&quot;_animation&quot;:&quot;fadeIn&quot;}\" data-widget_type=\"text-editor.default\">\n\t\t\t\t<div class=\"elementor-widget-container\">\n\t\t\t\t\t\t\t<p>Berc\u00e9 par le bruit des vagues et r\u00e9veill\u00e9 par le chant des oiseaux, vous passerez ici un moment en dehors du temps !<\/p>\t\t\t\t\t\t<\/div>\n\t\t\t\t<\/div>\n\t\t\t\t<section class=\"elementor-section elementor-inner-section elementor-element elementor-element-695ebc3b elementor-section-full_width elementor-reverse-tablet elementor-reverse-mobile elementor-section-height-default elementor-section-height-default\" data-id=\"695ebc3b\" data-element_type=\"section\">\n\t\t\t\t\t\t<div class=\"elementor-container elementor-column-gap-wide\">\n\t\t\t\t\t<div class=\"elementor-column elementor-col-50 elementor-inner-column elementor-element elementor-element-6a402208\" data-id=\"6a402208\" data-element_type=\"column\">\n\t\t\t<div class=\"elementor-widget-wrap elementor-element-populated\">\n\t\t\t\t\t\t<div class=\"elementor-element elementor-element-72c359a0 animated-slow e-transform elementor-invisible elementor-widget elementor-widget-image\" data-id=\"72c359a0\" data-element_type=\"widget\" data-settings=\"{&quot;_animation&quot;:&quot;fadeIn&quot;,&quot;_transform_translateX_effect_hover&quot;:{&quot;unit&quot;:&quot;px&quot;,&quot;size&quot;:5,&quot;sizes&quot;:[]},&quot;_transform_translateX_effect_hover_tablet&quot;:{&quot;unit&quot;:&quot;px&quot;,&quot;size&quot;:&quot;&quot;,&quot;sizes&quot;:[]},&quot;_transform_translateX_effect_hover_mobile&quot;:{&quot;unit&quot;:&quot;px&quot;,&quot;size&quot;:&quot;&quot;,&quot;sizes&quot;:[]},&quot;_transform_translateY_effect_hover&quot;:{&quot;unit&quot;:&quot;px&quot;,&quot;size&quot;:&quot;&quot;,&quot;sizes&quot;:[]},&quot;_transform_translateY_effect_hover_tablet&quot;:{&quot;unit&quot;:&quot;px&quot;,&quot;size&quot;:&quot;&quot;,&quot;sizes&quot;:[]},&quot;_transform_translateY_effect_hover_mobile&quot;:{&quot;unit&quot;:&quot;px&quot;,&quot;size&quot;:&quot;&quot;,&quot;sizes&quot;:[]}}\" data-widget_type=\"image.default\">\n\t\t\t\t<div class=\"elementor-widget-container\">\n\t\t\t\t\t\t\t\t\t\t\t\t\t<img decoding=\"async\" width=\"1\" height=\"1\" src=\"https:\/\/tsarabeach-nosybe.com\/wp-content\/uploads\/2024\/05\/1R9A4138.jpg\" class=\"attachment-large size-large wp-image-1340\" alt=\"Nosy Be - Tsara Beach Lodge\" \/>\t\t\t\t\t\t\t\t\t\t\t\t\t<\/div>\n\t\t\t\t<\/div>\n\t\t\t\t<div class=\"elementor-element elementor-element-1e5ba0f1 animated-slow elementor-invisible elementor-widget elementor-widget-text-editor\" data-id=\"1e5ba0f1\" data-element_type=\"widget\" data-settings=\"{&quot;_animation&quot;:&quot;fadeIn&quot;}\" data-widget_type=\"text-editor.default\">\n\t\t\t\t<div class=\"elementor-widget-container\">\n\t\t\t\t\t\t\t<p>La campagne d\u2019un c\u00f4t\u00e9, l\u2019oc\u00e9an Indien et l\u2019\u00eelot Sakatia de l\u2019autre, il est difficile de se sentir plus \u00e9loign\u00e9 du tumulte de la ville et des zones tr\u00e8s touristiques. C\u2019est certain, ici on se repose, on se pr\u00e9lasse, on prend le temps de vivre et on profite des \u00e9l\u00e9ments naturels, l\u2019eau, le ciel, le sable, la verdure, \u2026<\/p>\t\t\t\t\t\t<\/div>\n\t\t\t\t<\/div>\n\t\t\t\t<div class=\"elementor-element elementor-element-7cd285eb animated-slow e-transform elementor-invisible elementor-widget elementor-widget-image\" data-id=\"7cd285eb\" data-element_type=\"widget\" data-settings=\"{&quot;_animation&quot;:&quot;fadeIn&quot;,&quot;_transform_translateX_effect_hover&quot;:{&quot;unit&quot;:&quot;px&quot;,&quot;size&quot;:5,&quot;sizes&quot;:[]},&quot;_transform_translateX_effect_hover_tablet&quot;:{&quot;unit&quot;:&quot;px&quot;,&quot;size&quot;:&quot;&quot;,&quot;sizes&quot;:[]},&quot;_transform_translateX_effect_hover_mobile&quot;:{&quot;unit&quot;:&quot;px&quot;,&quot;size&quot;:&quot;&quot;,&quot;sizes&quot;:[]},&quot;_transform_translateY_effect_hover&quot;:{&quot;unit&quot;:&quot;px&quot;,&quot;size&quot;:&quot;&quot;,&quot;sizes&quot;:[]},&quot;_transform_translateY_effect_hover_tablet&quot;:{&quot;unit&quot;:&quot;px&quot;,&quot;size&quot;:&quot;&quot;,&quot;sizes&quot;:[]},&quot;_transform_translateY_effect_hover_mobile&quot;:{&quot;unit&quot;:&quot;px&quot;,&quot;size&quot;:&quot;&quot;,&quot;sizes&quot;:[]}}\" data-widget_type=\"image.default\">\n\t\t\t\t<div class=\"elementor-widget-container\">\n\t\t\t\t\t\t\t\t\t\t\t\t\t<img decoding=\"async\" width=\"1024\" height=\"768\" src=\"https:\/\/tsarabeach-nosybe.com\/wp-content\/uploads\/2024\/06\/IMG_5960-1024x768.jpeg\" class=\"attachment-large size-large wp-image-2109\" alt=\"Tsara Beach Bungalows view\" srcset=\"https:\/\/tsarabeach-nosybe.com\/wp-content\/uploads\/2024\/06\/IMG_5960-1024x768.jpeg 1024w, https:\/\/tsarabeach-nosybe.com\/wp-content\/uploads\/2024\/06\/IMG_5960-scaled-600x450.jpeg 600w, https:\/\/tsarabeach-nosybe.com\/wp-content\/uploads\/2024\/06\/IMG_5960-300x225.jpeg 300w, https:\/\/tsarabeach-nosybe.com\/wp-content\/uploads\/2024\/06\/IMG_5960-768x576.jpeg 768w, https:\/\/tsarabeach-nosybe.com\/wp-content\/uploads\/2024\/06\/IMG_5960-1536x1152.jpeg 1536w, https:\/\/tsarabeach-nosybe.com\/wp-content\/uploads\/2024\/06\/IMG_5960-2048x1536.jpeg 2048w, https:\/\/tsarabeach-nosybe.com\/wp-content\/uploads\/2024\/06\/IMG_5960-16x12.jpeg 16w, https:\/\/tsarabeach-nosybe.com\/wp-content\/uploads\/2024\/06\/IMG_5960-107x80.jpeg 107w, https:\/\/tsarabeach-nosybe.com\/wp-content\/uploads\/2024\/06\/IMG_5960-394x295.jpeg 394w, https:\/\/tsarabeach-nosybe.com\/wp-content\/uploads\/2024\/06\/IMG_5960-915x686.jpeg 915w, https:\/\/tsarabeach-nosybe.com\/wp-content\/uploads\/2024\/06\/IMG_5960-1240x930.jpeg 1240w, https:\/\/tsarabeach-nosybe.com\/wp-content\/uploads\/2024\/06\/IMG_5960-1440x1080.jpeg 1440w, https:\/\/tsarabeach-nosybe.com\/wp-content\/uploads\/2024\/06\/IMG_5960-59x44.jpeg 59w\" sizes=\"(max-width: 1024px) 100vw, 1024px\" \/>\t\t\t\t\t\t\t\t\t\t\t\t\t<\/div>\n\t\t\t\t<\/div>\n\t\t\t\t\t<\/div>\n\t\t<\/div>\n\t\t\t\t<div class=\"elementor-column elementor-col-50 elementor-inner-column elementor-element elementor-element-3a369bc7\" data-id=\"3a369bc7\" data-element_type=\"column\">\n\t\t\t<div class=\"elementor-widget-wrap elementor-element-populated\">\n\t\t\t\t\t\t<div class=\"elementor-element elementor-element-6133dd38 animated-slow e-transform elementor-invisible elementor-widget elementor-widget-image\" data-id=\"6133dd38\" data-element_type=\"widget\" data-settings=\"{&quot;sticky&quot;:&quot;top&quot;,&quot;sticky_parent&quot;:&quot;yes&quot;,&quot;_animation&quot;:&quot;fadeIn&quot;,&quot;_transform_translateX_effect_hover&quot;:{&quot;unit&quot;:&quot;px&quot;,&quot;size&quot;:5,&quot;sizes&quot;:[]},&quot;sticky_on&quot;:[&quot;desktop&quot;,&quot;tablet&quot;,&quot;mobile&quot;],&quot;sticky_offset&quot;:0,&quot;sticky_effects_offset&quot;:0,&quot;_transform_translateX_effect_hover_tablet&quot;:{&quot;unit&quot;:&quot;px&quot;,&quot;size&quot;:&quot;&quot;,&quot;sizes&quot;:[]},&quot;_transform_translateX_effect_hover_mobile&quot;:{&quot;unit&quot;:&quot;px&quot;,&quot;size&quot;:&quot;&quot;,&quot;sizes&quot;:[]},&quot;_transform_translateY_effect_hover&quot;:{&quot;unit&quot;:&quot;px&quot;,&quot;size&quot;:&quot;&quot;,&quot;sizes&quot;:[]},&quot;_transform_translateY_effect_hover_tablet&quot;:{&quot;unit&quot;:&quot;px&quot;,&quot;size&quot;:&quot;&quot;,&quot;sizes&quot;:[]},&quot;_transform_translateY_effect_hover_mobile&quot;:{&quot;unit&quot;:&quot;px&quot;,&quot;size&quot;:&quot;&quot;,&quot;sizes&quot;:[]}}\" data-widget_type=\"image.default\">\n\t\t\t\t<div class=\"elementor-widget-container\">\n\t\t\t\t\t\t\t\t\t\t\t\t\t<img loading=\"lazy\" decoding=\"async\" width=\"728\" height=\"966\" src=\"https:\/\/tsarabeach-nosybe.com\/wp-content\/uploads\/2024\/05\/Capture-decran-2024-05-24-a-15.25.54.png\" class=\"attachment-full size-full wp-image-1386\" alt=\"Arriv\u00e9e plage - Tsarabeach - Nosybe\" srcset=\"https:\/\/tsarabeach-nosybe.com\/wp-content\/uploads\/2024\/05\/Capture-decran-2024-05-24-a-15.25.54.png 728w, https:\/\/tsarabeach-nosybe.com\/wp-content\/uploads\/2024\/05\/Capture-decran-2024-05-24-a-15.25.54-600x796.png 600w, https:\/\/tsarabeach-nosybe.com\/wp-content\/uploads\/2024\/05\/Capture-decran-2024-05-24-a-15.25.54-226x300.png 226w, https:\/\/tsarabeach-nosybe.com\/wp-content\/uploads\/2024\/05\/Capture-decran-2024-05-24-a-15.25.54-60x80.png 60w, https:\/\/tsarabeach-nosybe.com\/wp-content\/uploads\/2024\/05\/Capture-decran-2024-05-24-a-15.25.54-228x303.png 228w, https:\/\/tsarabeach-nosybe.com\/wp-content\/uploads\/2024\/05\/Capture-decran-2024-05-24-a-15.25.54-528x700.png 528w, https:\/\/tsarabeach-nosybe.com\/wp-content\/uploads\/2024\/05\/Capture-decran-2024-05-24-a-15.25.54-716x950.png 716w, https:\/\/tsarabeach-nosybe.com\/wp-content\/uploads\/2024\/05\/Capture-decran-2024-05-24-a-15.25.54-33x44.png 33w\" sizes=\"(max-width: 728px) 100vw, 728px\" \/>\t\t\t\t\t\t\t\t\t\t\t\t\t<\/div>\n\t\t\t\t<\/div>\n\t\t\t\t\t<\/div>\n\t\t<\/div>\n\t\t\t\t\t<\/div>\n\t\t<\/section>\n\t\t\t\t\t<\/div>\n\t\t<\/div>\n\t\t\t\t\t<\/div>\n\t\t<\/section>\n\t\t\t\t<\/div>","protected":false},"excerpt":{"rendered":"<p>The Location Orangea Ampassy is located on the northwest coast of Nosy Be and our little corner of paradise, at the end of an 800m track worthy of a gymkhana! Lulled by the sound of the waves and awakened by &hellip; <a href=\"https:\/\/tsarabeach-nosybe.com\/fr\/our-location\/\">Read More<\/a><\/p>","protected":false},"author":1,"featured_media":0,"parent":0,"menu_order":0,"comment_status":"closed","ping_status":"closed","template":"","meta":{"footnotes":""},"class_list":["post-230","page","type-page","status-publish","hentry"],"_links":{"self":[{"href":"https:\/\/tsarabeach-nosybe.com\/fr\/wp-json\/wp\/v2\/pages\/230","targetHints":{"allow":["GET"]}}],"collection":[{"href":"https:\/\/tsarabeach-nosybe.com\/fr\/wp-json\/wp\/v2\/pages"}],"about":[{"href":"https:\/\/tsarabeach-nosybe.com\/fr\/wp-json\/wp\/v2\/types\/page"}],"author":[{"embeddable":true,"href":"https:\/\/tsarabeach-nosybe.com\/fr\/wp-json\/wp\/v2\/users\/1"}],"replies":[{"embeddable":true,"href":"https:\/\/tsarabeach-nosybe.com\/fr\/wp-json\/wp\/v2\/comments?post=230"}],"version-history":[{"count":0,"href":"https:\/\/tsarabeach-nosybe.com\/fr\/wp-json\/wp\/v2\/pages\/230\/revisions"}],"wp:attachment":[{"href":"https:\/\/tsarabeach-nosybe.com\/fr\/wp-json\/wp\/v2\/media?parent=230"}],"curies":[{"name":"wp","href":"https:\/\/api.w.org\/{rel}","templated":true}]}}