{"id":273,"date":"2024-02-28T13:32:03","date_gmt":"2024-02-28T13:32:03","guid":{"rendered":"https:\/\/tsarabeach-nosybe.com\/?page_id=273"},"modified":"2024-06-10T17:19:21","modified_gmt":"2024-06-10T17:19:21","slug":"massages","status":"publish","type":"page","link":"https:\/\/tsarabeach-nosybe.com\/fr\/massages\/","title":{"rendered":"Massages"},"content":{"rendered":"<div data-elementor-type=\"wp-page\" data-elementor-id=\"273\" class=\"elementor elementor-273\" data-elementor-post-type=\"page\">\n\t\t\t\t\t\t<section class=\"elementor-section elementor-top-section elementor-element elementor-element-9b62e1e elementor-section-full_width elementor-section-height-min-height elementor-section-stretched elementor-section-height-default elementor-section-items-middle\" data-id=\"9b62e1e\" data-element_type=\"section\" data-settings=\"{&quot;background_background&quot;:&quot;video&quot;,&quot;background_video_link&quot;:&quot;http:\\\/\\\/tsarabeach-nosybe.com\\\/wp-content\\\/uploads\\\/2024\\\/05\\\/vide-hidden-port-3.mp4&quot;,&quot;stretch_section&quot;:&quot;section-stretched&quot;,&quot;background_play_on_mobile&quot;:&quot;yes&quot;}\">\n\t\t\t\t\t\t\t\t<div class=\"elementor-background-video-container\">\n\t\t\t\t\t\t\t\t\t\t\t\t\t<video class=\"elementor-background-video-hosted elementor-html5-video\" autoplay muted playsinline loop><\/video>\n\t\t\t\t\t\t\t\t\t\t\t<\/div>\n\t\t\t\t\t\t\t\t<div class=\"elementor-container elementor-column-gap-default\">\n\t\t\t\t\t<div class=\"elementor-column elementor-col-100 elementor-top-column elementor-element elementor-element-499e111\" data-id=\"499e111\" data-element_type=\"column\">\n\t\t\t<div class=\"elementor-widget-wrap elementor-element-populated\">\n\t\t\t\t\t\t<div class=\"elementor-element elementor-element-920b6c8 elementor-widget elementor-widget-spacer\" data-id=\"920b6c8\" data-element_type=\"widget\" data-widget_type=\"spacer.default\">\n\t\t\t\t<div class=\"elementor-widget-container\">\n\t\t\t\t\t<div class=\"elementor-spacer\">\n\t\t\t<div class=\"elementor-spacer-inner\"><\/div>\n\t\t<\/div>\n\t\t\t\t<\/div>\n\t\t\t\t<\/div>\n\t\t\t\t<div class=\"elementor-element elementor-element-fea4384 elementor-view-default elementor-position-top elementor-invisible elementor-widget elementor-widget-themo-header\" data-id=\"fea4384\" data-element_type=\"widget\" data-settings=\"{&quot;_animation&quot;:&quot;fadeIn&quot;}\" data-widget_type=\"themo-header.default\">\n\t\t\t\t<div class=\"elementor-widget-container\">\n\t\t\t\t\t<div class=\"th-header-wrap\">\n        <div class=\"elementor-icon-box-wrapper\">\n                            <div class=\"elementor-icon-box-content\">\n                    <h1 class=\"elementor-icon-box-title\">\n                        Massage                    <\/h1>\n                                        <p class=\"elementor-icon-box-description\"><\/p>\n\n                                    <\/div>\n            <\/div>\n\n        <\/div>\n\n\t\t\t\t<\/div>\n\t\t\t\t<\/div>\n\t\t\t\t\t<\/div>\n\t\t<\/div>\n\t\t\t\t\t<\/div>\n\t\t<\/section>\n\t\t\t\t<section class=\"elementor-section elementor-top-section elementor-element elementor-element-7c52803 elementor-section-full_width elementor-section-height-default elementor-section-height-default\" data-id=\"7c52803\" data-element_type=\"section\">\n\t\t\t\t\t\t<div class=\"elementor-container elementor-column-gap-default\">\n\t\t\t\t\t<div class=\"elementor-column elementor-col-100 elementor-top-column elementor-element elementor-element-ba21b65\" data-id=\"ba21b65\" data-element_type=\"column\">\n\t\t\t<div class=\"elementor-widget-wrap elementor-element-populated\">\n\t\t\t\t\t\t<div class=\"elementor-element elementor-element-9042dea animated-slow elementor-invisible elementor-widget elementor-widget-text-editor\" data-id=\"9042dea\" data-element_type=\"widget\" data-settings=\"{&quot;_animation&quot;:&quot;fadeIn&quot;}\" data-widget_type=\"text-editor.default\">\n\t\t\t\t<div class=\"elementor-widget-container\">\n\t\t\t\t\t\t\t<p>Le massage est consid\u00e9r\u00e9 comme une pratique th\u00e9rapeutique et holistique qui vise \u00e0 r\u00e9tablir l'\u00e9quilibre entre le corps et l'esprit.<\/p>\t\t\t\t\t\t<\/div>\n\t\t\t\t<\/div>\n\t\t\t\t\t<\/div>\n\t\t<\/div>\n\t\t\t\t\t<\/div>\n\t\t<\/section>\n\t\t\t\t<section class=\"elementor-section elementor-top-section elementor-element elementor-element-8354084 elementor-section-content-middle elementor-section-full_width elementor-section-height-default elementor-section-height-default\" data-id=\"8354084\" data-element_type=\"section\" data-settings=\"{&quot;background_background&quot;:&quot;classic&quot;}\">\n\t\t\t\t\t\t<div class=\"elementor-container elementor-column-gap-no\">\n\t\t\t\t\t<div class=\"elementor-column elementor-col-50 elementor-top-column elementor-element elementor-element-72e1ed5\" data-id=\"72e1ed5\" data-element_type=\"column\">\n\t\t\t<div class=\"elementor-widget-wrap elementor-element-populated\">\n\t\t\t\t\t\t<div class=\"elementor-element elementor-element-fe287c1 elementor-widget elementor-widget-text-editor\" data-id=\"fe287c1\" data-element_type=\"widget\" data-widget_type=\"text-editor.default\">\n\t\t\t\t<div class=\"elementor-widget-container\">\n\t\t\t\t\t\t\t<p>La culture du massage \u00e0 Madagascar, et plus particuli\u00e8rement \u00e0 Nosy Be, est profond\u00e9ment enracin\u00e9e dans la tradition et la culture locales.<\/p><p>\u00c0 Nosy Be, vous trouverez une grande vari\u00e9t\u00e9 de massages traditionnels malgaches qui sont transmis de g\u00e9n\u00e9ration en g\u00e9n\u00e9ration. Parmi les types de massage les plus populaires, le massage \u00e0 base d'huiles essentielles. Les huiles utilis\u00e9es sont souvent extraites de plantes m\u00e9dicinales locales, ce qui ajoute des bienfaits suppl\u00e9mentaires au massage.<\/p><p>Il est \u00e9galement int\u00e9ressant de noter que la culture du massage \u00e0 Nosy Be est \u00e9troitement li\u00e9e \u00e0 la nature environnante. De nombreux massages sont effectu\u00e9s en plein air, pr\u00e8s de la mer ou au milieu de jardins luxuriants, ce qui permet aux clients de se d\u00e9tendre dans un cadre naturellement apaisant.<\/p><p><strong>Si vous souhaitez profiter d\u2019un tel moment de d\u00e9tente, nous ferons appel \u00e0 notre masseuse, Luce.<\/strong><\/p>\t\t\t\t\t\t<\/div>\n\t\t\t\t<\/div>\n\t\t\t\t\t<\/div>\n\t\t<\/div>\n\t\t\t\t<div class=\"elementor-column elementor-col-50 elementor-top-column elementor-element elementor-element-bdf0246\" data-id=\"bdf0246\" data-element_type=\"column\">\n\t\t\t<div class=\"elementor-widget-wrap elementor-element-populated\">\n\t\t\t\t\t\t<div class=\"elementor-element elementor-element-5203a9a elementor-widget__width-initial elementor-widget elementor-widget-image\" data-id=\"5203a9a\" data-element_type=\"widget\" data-widget_type=\"image.default\">\n\t\t\t\t<div class=\"elementor-widget-container\">\n\t\t\t\t\t\t\t\t\t\t\t\t\t<img fetchpriority=\"high\" decoding=\"async\" width=\"600\" height=\"500\" src=\"https:\/\/tsarabeach-nosybe.com\/wp-content\/uploads\/2024\/06\/Design-sans-titre-79.png\" class=\"attachment-full size-full wp-image-1999\" alt=\"\" srcset=\"https:\/\/tsarabeach-nosybe.com\/wp-content\/uploads\/2024\/06\/Design-sans-titre-79.png 600w, https:\/\/tsarabeach-nosybe.com\/wp-content\/uploads\/2024\/06\/Design-sans-titre-79-300x250.png 300w, https:\/\/tsarabeach-nosybe.com\/wp-content\/uploads\/2024\/06\/Design-sans-titre-79-14x12.png 14w, https:\/\/tsarabeach-nosybe.com\/wp-content\/uploads\/2024\/06\/Design-sans-titre-79-96x80.png 96w, https:\/\/tsarabeach-nosybe.com\/wp-content\/uploads\/2024\/06\/Design-sans-titre-79-364x303.png 364w, https:\/\/tsarabeach-nosybe.com\/wp-content\/uploads\/2024\/06\/Design-sans-titre-79-53x44.png 53w\" sizes=\"(max-width: 600px) 100vw, 600px\" \/>\t\t\t\t\t\t\t\t\t\t\t\t\t<\/div>\n\t\t\t\t<\/div>\n\t\t\t\t\t<\/div>\n\t\t<\/div>\n\t\t\t\t\t<\/div>\n\t\t<\/section>\n\t\t\t\t<\/div>","protected":false},"excerpt":{"rendered":"<p>Massage Massage is considered a therapeutic and holistic practice that aims to restore balance between body and mind. The massage culture in Madagascar, and more particularly in Nosy Be, is deeply rooted in local tradition and culture. In Nosy Be, &hellip; <a href=\"https:\/\/tsarabeach-nosybe.com\/fr\/massages\/\">Read More<\/a><\/p>","protected":false},"author":1,"featured_media":0,"parent":0,"menu_order":0,"comment_status":"closed","ping_status":"closed","template":"elementor_header_footer","meta":{"footnotes":""},"class_list":["post-273","page","type-page","status-publish","hentry"],"_links":{"self":[{"href":"https:\/\/tsarabeach-nosybe.com\/fr\/wp-json\/wp\/v2\/pages\/273","targetHints":{"allow":["GET"]}}],"collection":[{"href":"https:\/\/tsarabeach-nosybe.com\/fr\/wp-json\/wp\/v2\/pages"}],"about":[{"href":"https:\/\/tsarabeach-nosybe.com\/fr\/wp-json\/wp\/v2\/types\/page"}],"author":[{"embeddable":true,"href":"https:\/\/tsarabeach-nosybe.com\/fr\/wp-json\/wp\/v2\/users\/1"}],"replies":[{"embeddable":true,"href":"https:\/\/tsarabeach-nosybe.com\/fr\/wp-json\/wp\/v2\/comments?post=273"}],"version-history":[{"count":0,"href":"https:\/\/tsarabeach-nosybe.com\/fr\/wp-json\/wp\/v2\/pages\/273\/revisions"}],"wp:attachment":[{"href":"https:\/\/tsarabeach-nosybe.com\/fr\/wp-json\/wp\/v2\/media?parent=273"}],"curies":[{"name":"wp","href":"https:\/\/api.w.org\/{rel}","templated":true}]}}